{"id":855,"date":"2025-11-11T09:24:24","date_gmt":"2025-11-11T08:24:24","guid":{"rendered":"https:\/\/agrotecnio.org\/?page_id=855"},"modified":"2026-02-03T12:43:07","modified_gmt":"2026-02-03T11:43:07","slug":"politica-de-cookies","status":"publish","type":"page","link":"https:\/\/agrotecnio.org\/es\/politica-de-cookies\/","title":{"rendered":"Pol\u00edtica de Cookies"},"content":{"rendered":"\n<h3 class=\"wp-block-heading\">Definici\u00f3n y funci\u00f3n de las cookies y de los p\u00edxeles invisibles<\/h3>\n\n\n\n<p>colocan en los dispositivos con los que los usuarios acceden al sitio web, con la funci\u00f3n de almacenar informaci\u00f3n con la que los sitios web puedan mejorar la experiencia de navegaci\u00f3n, porque recuerdan el identificador, las preferencias, las acciones que se hayan hecho anteriormente, etc.<\/p>\n\n\n\n<p>Un p\u00edxel invisible es una imagen no visible con una l\u00ednea de c\u00f3digo insertada en nuestra p\u00e1gina web que permite hacer seguimientos de la navegaci\u00f3n de los usuarios a trav\u00e9s de la web misma o de p\u00e1ginas web de terceros. Estos elementos pueden utilizarse para llevar a cabo mediciones y seguimientos de uso o para la obtenci\u00f3n de datos agregados sobre el tr\u00e1fico y la interacci\u00f3n del sitio web, con el fin de ofrecer publicidad personalizada, identificar tendencias y obtener estad\u00edsticas para la mejora de la p\u00e1gina web.<\/p>\n\n\n\n<p>A trav\u00e9s de las cookies y los p\u00edxeles invisibles podemos recopilar la siguiente informaci\u00f3n: varios identificadores (\u00fanico de las cookies, \u00fanico del dispositivo, adem\u00e1s de otros detalles, como el tipo), direcci\u00f3n IP, dominio, tipo de navegador, idioma, pa\u00eds y zona horaria, informaci\u00f3n de cookies, p\u00e1ginas web visitadas, informaci\u00f3n sobre la interacci\u00f3n en la p\u00e1gina, tiempo de acceso o URL.<\/p>\n\n\n\n<h3 class=\"wp-block-heading\">Comunicaci\u00f3n y transferencia de los datos<\/h3>\n\n\n\n<p>Los datos obtenidos a trav\u00e9s de las cookies y los p\u00edxeles invisibles tambi\u00e9n pueden ser recopilados por terceros mediante el dispositivo y \/ o navegador desde nuestra p\u00e1gina web, tambi\u00e9n con conectores (plug-ins) o con widgets (widgets). El tratamiento de estos datos estar\u00e1 sujeto a las pol\u00edticas de privacidad y de cookies propias de estos terceros. Puede obtener m\u00e1s informaci\u00f3n de estas cookies en la tabla descriptiva que contiene este documento. Tambi\u00e9n puede averiguar cu\u00e1les son estos terceros instalando un plugin del navegador espec\u00edfico para este fin.<\/p>\n\n\n\n<h3 class=\"wp-block-heading\">Configuraci\u00f3n o desactivaci\u00f3n de las cookies<\/h3>\n\n\n\n<p>Puede modificar las preferencias, con el fin de eliminar determinadas cookies o evitar que se guarden sin su consentimiento, desde el panel de configuraci\u00f3n de las cookies de la web de Agrotecnio. Tambi\u00e9n puede desactivar las cookies mediante las opciones de configuraci\u00f3n de cada uno de los navegadores y dispositivos que utilice. Para saber c\u00f3mo modificar las cookies consulte el men\u00fa de ayuda del navegador.<\/p>\n\n\n\n<p>Chrome | Firefox | Explorer | Edge | Safari | Safari per a l\u2019iPhone i l\u2019iPad | Opera | Chrome per a Android | Chrome per a Iphone i l\u2019iPad<\/p>\n\n\n\n<p>Para deshabilitar las cookies de Google Analytics hagan clic aqu\u00ed.<br>Debe tener en cuenta que si desactive o desactive las cookies probablemente no tendr\u00e1 acceso a muchas funciones que mejoran la eficiencia de la p\u00e1gina web, y es posible que alguno de nuestros servicios no funcione correctamente.<\/p>\n\n\n\n<h3 class=\"wp-block-heading\">Tipolog\u00eda de cookies\u00a0 de la web de Agrotecnio<\/h3>\n\n\n\n<p>Nuestra p\u00e1gina web utiliza las categor\u00edas de cookies siguientes:<\/p>\n\n\n\n<p><strong>Cookies t\u00e9cnicas<\/strong>\u00a0(estrictamente necesarias): son aquellas imprescindibles y estrictamente necesarios para el correcto funcionamiento de la p\u00e1gina web y la utilizaci\u00f3n de las diferentes opciones y servicios que ofrece.<\/p>\n\n\n\n<p>Seg\u00fan el plazo de tiempo que permanecen activas:<\/p>\n\n\n\n<p><strong>Cookies de sesi\u00f3n<\/strong>: son un tipo de cookies dise\u00f1adas para pedir y almacenar datos mientras accede a nuestra web que permanecen en el archivo de cookies del navegador hasta que abandone la p\u00e1gina (por ejemplo, las cookies de identificaci\u00f3n).<br><strong>Cookies persistentes<\/strong>: son un tipo de cookies en la que los datos siguen almacenados en el terminal, y se puede acceder y se pueden tratar durante un per\u00edodo determinado de tiempo.<\/p>\n\n\n\n<p>Seg\u00fan su finalidad y la entidad que las gestiona:<\/p>\n\n\n\n<p><strong>Cookies de terceros<\/strong>: son aquellas que se env\u00edan al ordenador o terminal desde un dominio o una p\u00e1gina web que no es gestionada por nosotros sino por una entidad colaboradora. Por ejemplo, las usadas por Google, que instala cookies que nos ayudan a analizar el funcionamiento de nuestro sitio web y mejorar la efectividad de nuestras campa\u00f1as de marketing.<br><strong>Cookies de an\u00e1lisis y de rendimiento<\/strong>: son aquellas que, tratadas bien por nosotros sea por terceros, nos permiten cuantificar el n\u00famero de usuarios y hacer el an\u00e1lisis estad\u00edstico de la utilizaci\u00f3n que los usuarios hacen de nuestra web. Por eso, analizamos la navegaci\u00f3n en nuestra p\u00e1gina web para mejorar la oferta de productos o servicios que ofrecemos. Algunos ejemplos:<\/p>\n\n\n\n<ul class=\"wp-block-list\">\n<li>El n\u00famero de visitantes \u00fanicos de cada p\u00e1gina \/ secci\u00f3n, que se utiliza para hacer un recuento de las veces que el lugar es visitado por un usuario, as\u00ed como la primera y \u00faltima vez de la visita. Esto ayuda a conocer las \u00e1reas de m\u00e1s \u00e9xito y aumentar y mejorar el contenido, con el resultado de que los usuarios obtengan una experiencia y un servicio m\u00e1s satisfactorios.<\/li>\n\n\n\n<li>La fecha y hora de acceso a nuestra web, para permitir averiguar las horas de m\u00e1s afluencia, y hacer los ajustes precisos para evitar problemas de saturaci\u00f3n en las horas punta.<\/li>\n\n\n\n<li>La fuente de tr\u00e1fico, que registra el origen de los usuarios, es decir, la direcci\u00f3n de internet desde la que parte el enlace que dirige a nuestro web, con el objetivo de potenciar los diferentes enlaces y banners que apuntan en nuestro servidor y que ofrecen mejores resultados.<\/li>\n<\/ul>\n\n\n\n<p><strong>Cookies publicitarias<\/strong>:\u00a0son aquellas que permiten la gesti\u00f3n, de la manera m\u00e1s eficaz posible, los espacios publicitarios que, en su caso, se hayan incluido en la p\u00e1gina web, aplicaci\u00f3n o plataforma desde la que se prestan los servicios.<br><strong>Cookies sociales<\/strong>:\u00a0son aquellas que interact\u00faan con las redes sociales externas (Facebook, Google, Twitter, YouTube, Instagram, etc.) y que tienen la funci\u00f3n de controlar la interacci\u00f3n con los widgets sociales dentro de la web.<\/p>\n","protected":false},"excerpt":{"rendered":"<p>Definici\u00f3n y funci\u00f3n de las cookies y de los p\u00edxeles invisibles colocan en los dispositivos con los que los usuarios acceden al sitio web, con la funci\u00f3n de almacenar informaci\u00f3n con la que los sitios web puedan mejorar la experiencia de navegaci\u00f3n, porque recuerdan el identificador, las preferencias, las acciones que se hayan hecho anteriormente, [&hellip;]<\/p>\n","protected":false},"author":1,"featured_media":0,"parent":0,"menu_order":0,"comment_status":"closed","ping_status":"closed","template":"","meta":{"_acf_changed":false,"editor_notices":[],"footnotes":""},"class_list":["post-855","page","type-page","status-publish","hentry"],"acf":[],"_links":{"self":[{"href":"https:\/\/agrotecnio.org\/es\/wp-json\/wp\/v2\/pages\/855","targetHints":{"allow":["GET"]}}],"collection":[{"href":"https:\/\/agrotecnio.org\/es\/wp-json\/wp\/v2\/pages"}],"about":[{"href":"https:\/\/agrotecnio.org\/es\/wp-json\/wp\/v2\/types\/page"}],"author":[{"embeddable":true,"href":"https:\/\/agrotecnio.org\/es\/wp-json\/wp\/v2\/users\/1"}],"replies":[{"embeddable":true,"href":"https:\/\/agrotecnio.org\/es\/wp-json\/wp\/v2\/comments?post=855"}],"version-history":[{"count":3,"href":"https:\/\/agrotecnio.org\/es\/wp-json\/wp\/v2\/pages\/855\/revisions"}],"predecessor-version":[{"id":5219,"href":"https:\/\/agrotecnio.org\/es\/wp-json\/wp\/v2\/pages\/855\/revisions\/5219"}],"wp:attachment":[{"href":"https:\/\/agrotecnio.org\/es\/wp-json\/wp\/v2\/media?parent=855"}],"curies":[{"name":"wp","href":"https:\/\/api.w.org\/{rel}","templated":true}]}}