{"id":853,"date":"2025-11-11T09:24:04","date_gmt":"2025-11-11T08:24:04","guid":{"rendered":"https:\/\/agrotecnio.org\/?page_id=853"},"modified":"2026-02-03T11:38:06","modified_gmt":"2026-02-03T10:38:06","slug":"politica-de-privacidad","status":"publish","type":"page","link":"https:\/\/agrotecnio.org\/es\/politica-de-privacidad\/","title":{"rendered":"Pol\u00edtica de Privacidad y protecci\u00f3n de Datos Personales"},"content":{"rendered":"\n<h3 class=\"wp-block-heading\">Responsable del tratamiento de los datos personales recogidos a trav\u00e9s de la web<\/h3>\n\n\n\n<p>Agrotecnio es responsable del tratamiento de los datos personales que los usuarios proporcionan a trav\u00e9s de la presente p\u00e1gina web, de acuerdo con la normativa vigente en materia de protecci\u00f3n de datos de car\u00e1cter personal -Reglamento (UE) 2016\/679 del Parlamento Europeo y del Consejo, de 27 de abril de 2016, relativo a la protecci\u00f3n de las personas f\u00edsicas en lo que respecta al tratamiento de datos personales ya la libre circulaci\u00f3n de estos datos (RGPD) y Ley org\u00e1nica 3\/2018, de 5 de diciembre, de protecci\u00f3n de datos personales y garant\u00eda de los derechos digitales (LOPDGDD).<\/p>\n\n\n\n<h3 class=\"wp-block-heading\">Delegado de Protecci\u00f3n de Datos<\/h3>\n\n\n\n<p>Delegado de Protecci\u00f3n de Datos (DPD)<br>Edificio del Rectorado<br>Pl. de V\u00edctor Siurana, 1<br>25003 Lleida<br><a href=\"mailto:agrotecnio@udl.cat\">agrotecnio@udl.cat<\/a><br>973 70 21 97<\/p>\n\n\n\n<h3 class=\"wp-block-heading\">Datos personales tratados y finalidad del tratamiento<\/h3>\n\n\n\n<p>Agrotecnio, seg\u00fan la forma en que los usuarios las proporcionan, trata los datos personales seg\u00fan diferentes categor\u00edas. La finalidad del tratamiento cambia seg\u00fan el canal a trav\u00e9s del cual los usuarios las hayan proporcionado:<\/p>\n\n\n\n<h3 class=\"wp-block-heading\">Sede electr\u00f3nica:<\/h3>\n\n\n\n<p><strong>Finalidad<\/strong>:<\/p>\n\n\n\n<ul class=\"wp-block-list\">\n<li>Acceso de los usuarios en la sede electr\u00f3nica de Agrotecnio, as\u00ed como la posibilidad de realizar los tr\u00e1mites y gestiones disponibles: obtenci\u00f3n de una clave temporal (clave 24 horas), presentaci\u00f3n de instancias y \/ o registro de documentos, gesti\u00f3n de una carpeta personal, realizaci\u00f3n de pagos, solicitud de la factura electr\u00f3nica, etc.<\/li>\n<\/ul>\n\n\n\n<p><strong>Categor\u00eda de los datos<\/strong>:<\/p>\n\n\n\n<ul class=\"wp-block-list\">\n<li>Datos identificativos (nombre, apellidos, direcci\u00f3n electr\u00f3nica, tel\u00e9fono, direcci\u00f3n, DNI, NIE o pasaporte).<\/li>\n\n\n\n<li>Datos acad\u00e9micos.<\/li>\n\n\n\n<li>Datos econ\u00f3micos y financieros.<\/li>\n<\/ul>\n\n\n\n<h3 class=\"wp-block-heading\">Actividades:<\/h3>\n\n\n\n<p><strong>Finalidad<\/strong>:<\/p>\n\n\n\n<ul class=\"wp-block-list\">\n<li>Participaci\u00f3n en diferentes actividades promovidas por Agrotecnio o en que Agrotecnio colabora.<\/li>\n<\/ul>\n\n\n\n<p><strong>Categor\u00eda de los datos<\/strong>:<\/p>\n\n\n\n<ul class=\"wp-block-list\">\n<li>Datos identificativos (nombre, apellidos, direcci\u00f3n electr\u00f3nica, tel\u00e9fono, direcci\u00f3n, DNI, NIE o pasaporte).<\/li>\n\n\n\n<li>Datos acad\u00e9micos.<\/li>\n\n\n\n<li>Datos econ\u00f3micos y financieros.<\/li>\n<\/ul>\n\n\n\n<h3 class=\"wp-block-heading\">Buzones de contacto, solicitud de informaci\u00f3n o asesoramiento, sugerencias:<\/h3>\n\n\n\n<p><strong>Finalidad<\/strong>:<\/p>\n\n\n\n<p>Contactar con las diferentes \u00e1reas, servicios, facultades y \/ o \u00f3rganos de Agrotecnio. Resolver dudas, presentar quejas o plantear consultas y sugerencias.<\/p>\n\n\n\n<p><strong>Categor\u00eda de los datos<\/strong>:<\/p>\n\n\n\n<ul class=\"wp-block-list\">\n<li>Datos identificativos (nombre, apellidos, direcci\u00f3n electr\u00f3nica, tel\u00e9fono, direcci\u00f3n, DNI, NIE o pasaporte).<\/li>\n\n\n\n<li>Datos acad\u00e9micos.<\/li>\n\n\n\n<li>Datos laborales.<\/li>\n<\/ul>\n\n\n\n<h3 class=\"wp-block-heading\">Inscripci\u00f3n a cursos:<\/h3>\n\n\n\n<p><strong>Finalidad<\/strong>:<\/p>\n\n\n\n<ul class=\"wp-block-list\">\n<li>Inscripci\u00f3n y participaci\u00f3n a los cursos impartidos por la Agrotecnio.<\/li>\n<\/ul>\n\n\n\n<p><strong>Categor\u00eda de los datos<\/strong>:<\/p>\n\n\n\n<ul class=\"wp-block-list\">\n<li>Datos identificativos (nombre, apellidos, direcci\u00f3n electr\u00f3nica, tel\u00e9fono, direcci\u00f3n, DNI, NIE o pasaporte).<\/li>\n\n\n\n<li>Datos acad\u00e9micos.<\/li>\n<\/ul>\n\n\n\n<h3 class=\"wp-block-heading\">Legitimaci\u00f3n del tratamiento<\/h3>\n\n\n\n<p>Las bases legales para los tratamientos realizados y descritos en el punto anterior son las siguientes:<\/p>\n\n\n\n<ol class=\"wp-block-list\">\n<li>El consentimiento expl\u00edcito otorgado por el interesado en la aceptaci\u00f3n de las condiciones de uso y la pol\u00edtica de privacidad en relaci\u00f3n con los diferentes servicios que lo requieren.<\/li>\n\n\n\n<li>La obligaci\u00f3n del tratamiento en relaci\u00f3n con la necesidad de ejecuci\u00f3n de un contrato (laboral, acad\u00e9mico, convenio, etc.) entre ambas partes.<\/li>\n\n\n\n<li>La obligaci\u00f3n del tratamiento en cumplimiento de alguna obligaci\u00f3n legal que pueda existir.<\/li>\n\n\n\n<li>La obligaci\u00f3n del tratamiento para la satisfacci\u00f3n de los intereses leg\u00edtimos perseguidos por Agrotecnio.<\/li>\n<\/ol>\n\n\n\n<p>La falta de aceptaci\u00f3n de la presente pol\u00edtica de privacidad (obligatoria) dar\u00e1 lugar a la imposibilidad de llevar a cabo la gesti\u00f3n de los servicios y \/ o acciones realizadas por la persona interesada. En este caso no se llevar\u00e1 a cabo ning\u00fan tipo de tratamiento.<\/p>\n\n\n\n<h3 class=\"wp-block-heading\">Conservaci\u00f3n de los datos<\/h3>\n\n\n\n<p>Conservamos los datos de los usuarios facilitados de acuerdo con los siguientes criterios:<\/p>\n\n\n\n<ol class=\"wp-block-list\">\n<li>En aquellos tratamientos en los que el fin no caduque, los datos se conservar\u00e1n mientras los usuarios no ejerzan sus derechos de supresi\u00f3n u oposici\u00f3n y \/ o revoquen el consentimiento expl\u00edcito prestado.<\/li>\n\n\n\n<li>De acuerdo con los plazos establecidos normativamente.<\/li>\n\n\n\n<li>Hasta la prescripci\u00f3n de las acciones legales que se puedan derivar.<\/li>\n<\/ol>\n\n\n\n<p>En cualquier caso, los datos se destruir\u00e1n en los t\u00e9rminos y condiciones previstas en la normativa sobre conservaci\u00f3n y eliminaci\u00f3n de los documentos administrativos de Agrotecnio y en las tablas de evaluaci\u00f3n documental aprobadas por la Generalitat de Catalu\u00f1a\u00a0(<a href=\"http:\/\/www.udl.cat\/ca\/serveis\/arxiu\" target=\"_blank\" rel=\"noreferrer noopener\">http:\/\/www.udl.cat\/ca\/serveis\/arxiu<\/a>).<\/p>\n\n\n\n<h3 class=\"wp-block-heading\">Destinatarios de las comunicaciones<\/h3>\n\n\n\n<p>Agrotecnio podr\u00e1 comunicar los datos personales a terceros en los siguientes supuestos:<\/p>\n\n\n\n<ul class=\"wp-block-list\">\n<li>Proveedores que presten servicios a Agrotecnio. Agrotecnio tiene firmado el correspondiente contrato o adenda de encargo del tratamiento con cada uno de los proveedores que colaboran con \u00e9l para asegurar que sus datos personales se tratan de conformidad con la normativa aplicable.<\/li>\n\n\n\n<li>Entidades y \/ o colaboradores de Agrotecnio que participen en una finalidad del tratamiento descrita en la presente pol\u00edtica y para la que los usuarios hayan facilitado sus datos personales.<\/li>\n\n\n\n<li>En aquellos casos en que exista una obligaci\u00f3n legal de comunicar los datos.<\/li>\n<\/ul>\n\n\n\n<h3 class=\"wp-block-heading\">Derechos de las personas interesadas<\/h3>\n\n\n\n<p>Los usuarios, en cualquier momento, pueden acceder a sus datos; solicitar su rectificaci\u00f3n, supresi\u00f3n o portabilidad; oponerse al tratamiento, y solicitar la limitaci\u00f3n del tratamiento, siempre que sea compatible con los fines descritos, mediante un escrito enviado a la direcci\u00f3n\u00a0<a href=\"mailto:agrotecnio@udl.cat\">agrotecnio@udl.cat<\/a><br>Tambi\u00e9n pueden presentar una reclamaci\u00f3n dirigida a la Autoridad Catalana de Protecci\u00f3n de Datos, mediante la sede electr\u00f3nica de la Autoridad (<a href=\"https:\/\/seu.apd.cat\" target=\"_blank\" rel=\"noreferrer noopener\">https:\/\/seu.apd.cat<\/a>) o por medios no electr\u00f3nicos.<\/p>\n\n\n\n<h3 class=\"wp-block-heading\">Procedencia de los datos<\/h3>\n\n\n\n<p>En principio, los datos siempre proceden de sus titulares. En caso de recibir una comunicaci\u00f3n de Agrotecnio y no tener constancia de haber facilitado sus datos, es posible que un tercero haya usurpado su estado o identidad. En este caso, le rogamos que nos lo comunique a trav\u00e9s de los medios facilitados en la presente pol\u00edtica de privacidad.<br>En este sentido, los usuarios son los responsables de la autenticidad de los datos aportados, que sean exactos, actuales y completas para la finalidad para la que sean aportados, y asumen la responsabilidad de los da\u00f1os y perjuicios, tanto en concepto de lucro cesante como de da\u00f1o emergente, que se puedan desprender de las inexactitudes o falsedades. En todo caso, si los datos aportados en los correspondientes formularios son de titularidad de un tercero, los usuarios son los \u00fanicos responsables de la correcta captaci\u00f3n de su consentimiento y de facilitarle la informaci\u00f3n sobre los aspectos reflejados en el presente aviso legal y la pol\u00edtica de privacidad.<\/p>\n\n\n\n<h2 class=\"wp-block-heading\">Protecci\u00f3n de datos personales en los formularios web\u00a0<\/h2>\n\n\n\n<h3 class=\"wp-block-heading\">Aviso Legal<\/h3>\n\n\n\n<p>El responsable del tratamiento de los datos personales facilitados es la Fundaci\u00f3 Centre deRecerca en Agrotecnologia (en adelante, Agrotecnio), con NIF G-25628926 y domicilio social en la Avenida Alcalde Rovira Roure 191, 25198 Lleida (Espa\u00f1a) (datos de contacto del Delegado de Protecci\u00f3n de Datos: Secretaria General, plaza de V\u00edctor Siurana, 1, 25003 Lleida: <a href=\"mailto:agrotecnio@udl.cat\">agrotecnio@udl.cat<\/a><\/p>\n\n\n\n<p>Los datos s\u00f3lo se utilizar\u00e1n para gestionar la respuesta a su solicitud, de acuerdo con el texto del mensaje.<br>Agrotecnio est\u00e1 legitimado para tratar estos datos si presta su consentimiento, y mientras no desiste de su solicitud.<\/p>\n\n\n\n<p>Los datos se conservar\u00e1n durante el tiempo necesario para gestionar la respuesta a su solicitud, de acuerdo con el texto del mensaje, y mientras no prescriban las posibles responsabilidades que se deriven, en su caso. Se destruir\u00e1n en los t\u00e9rminos y condiciones previstos en la normativa sobre conservaci\u00f3n y eliminaci\u00f3n de los documentos administrativos de Agrotecnio y en las tablas de evaluaci\u00f3n documental aprobadas por la Generaltat de Catalu\u00f1a\u00a0(<a href=\"http:\/\/www.udl.cat\/ca\/serveis\/arxiu\/\" target=\"_blank\" rel=\"noreferrer noopener\">http:\/\/www.udl.cat\/ca\/serveis\/arxiu\/<\/a>). Agrotecnio no ceder\u00e1 ni comunicar\u00e1 los datos a terceros, salvo en los casos estrictamente previstos en la Ley.<\/p>\n\n\n\n<p>Puede acceder a sus datos; solicitar su rectificaci\u00f3n, supresi\u00f3n o portabilidad; oponerse al tratamiento, y solicitar la limitaci\u00f3n del tratamiento, siempre que sea compatible con los fines de su solicitud, mediante un escrito enviado a la direcci\u00f3n <a href=\"mailto:agrotecnio@udl.cat\">agrotecnio@udl.cat<\/a>. Tambi\u00e9n puede presentar una reclamaci\u00f3n dirigida a la Autoridad Catalana de Protecci\u00f3n de Datos, mediante la <a href=\"https:\/\/seu.apdcat.cat\/ca\/\" target=\"_blank\" rel=\"noopener\">sede electr\u00f3nica de la Autoridad<\/a> o por medios no electr\u00f3nicos.<\/p>\n","protected":false},"excerpt":{"rendered":"<p>Responsable del tratamiento de los datos personales recogidos a trav\u00e9s de la web Agrotecnio es responsable del tratamiento de los datos personales que los usuarios proporcionan a trav\u00e9s de la presente p\u00e1gina web, de acuerdo con la normativa vigente en materia de protecci\u00f3n de datos de car\u00e1cter personal -Reglamento (UE) 2016\/679 del Parlamento Europeo y [&hellip;]<\/p>\n","protected":false},"author":1,"featured_media":0,"parent":0,"menu_order":0,"comment_status":"closed","ping_status":"closed","template":"","meta":{"_acf_changed":false,"editor_notices":[],"footnotes":""},"class_list":["post-853","page","type-page","status-publish","hentry"],"acf":[],"_links":{"self":[{"href":"https:\/\/agrotecnio.org\/es\/wp-json\/wp\/v2\/pages\/853","targetHints":{"allow":["GET"]}}],"collection":[{"href":"https:\/\/agrotecnio.org\/es\/wp-json\/wp\/v2\/pages"}],"about":[{"href":"https:\/\/agrotecnio.org\/es\/wp-json\/wp\/v2\/types\/page"}],"author":[{"embeddable":true,"href":"https:\/\/agrotecnio.org\/es\/wp-json\/wp\/v2\/users\/1"}],"replies":[{"embeddable":true,"href":"https:\/\/agrotecnio.org\/es\/wp-json\/wp\/v2\/comments?post=853"}],"version-history":[{"count":5,"href":"https:\/\/agrotecnio.org\/es\/wp-json\/wp\/v2\/pages\/853\/revisions"}],"predecessor-version":[{"id":5217,"href":"https:\/\/agrotecnio.org\/es\/wp-json\/wp\/v2\/pages\/853\/revisions\/5217"}],"wp:attachment":[{"href":"https:\/\/agrotecnio.org\/es\/wp-json\/wp\/v2\/media?parent=853"}],"curies":[{"name":"wp","href":"https:\/\/api.w.org\/{rel}","templated":true}]}}