{"id":851,"date":"2025-11-11T09:21:28","date_gmt":"2025-11-11T08:21:28","guid":{"rendered":"https:\/\/agrotecnio.org\/?page_id=851"},"modified":"2026-02-03T11:27:10","modified_gmt":"2026-02-03T10:27:10","slug":"aviso-legal","status":"publish","type":"page","link":"https:\/\/agrotecnio.org\/es\/aviso-legal\/","title":{"rendered":"Aviso legal y condiciones de uso"},"content":{"rendered":"\n<h3 class=\"wp-block-heading\">Titularidad del dominio web y finalidad<\/h3>\n\n\n\n<p>La empresa titular del dominio web <a href=\"https:\/\/www.agrotecnio.org \">https:\/\/www.agrotecnio.org <\/a>es la Fundaci\u00f3 Centre de Recerca en Agrotecnologia (en adelante, Agrotecnio), con NIF G-25628926 y domicilio social en la Avenida Alcalde Rovira Roure 191, 25198 Lleida (Espa\u00f1a), la que lleva a cabo el servicio p\u00fablico de investigaci\u00f3n agroalimentaria.<br>La finalidad del dominio web de Agrotecnio es dar a conocer los servicios y actividades de la Fundaci\u00f3n de forma actualizada, veraz e \u00edntegra, garantizando en todo momento la accesibilidad y usabilidad de los usuarios que se conectan.<\/p>\n\n\n\n<h3 class=\"wp-block-heading\">Informaci\u00f3n sobre el resto de enlaces contenidos en el dominio web y responsabilidad de los contenidos<\/h3>\n\n\n\n<p>Agrotecnio no se hace responsable de las p\u00e1ginas web no propias a las que se puede acceder a trav\u00e9s de los enlaces o de cualquier contenido puesto a disposici\u00f3n por terceros.<\/p>\n\n\n\n<p>Cualquier uso de un v\u00ednculo o acceso a una p\u00e1gina web no propia es realizado por voluntad y riesgo exclusivo de los usuarios, Agrotecnio no recomienda ni garantiza ninguna informaci\u00f3n obtenida a trav\u00e9s de un enlace ajeno al dominio web de Agrotecnio ni se responsabiliza de ninguna p\u00e9rdida , reclamaci\u00f3n o perjuicio derivada del uso o mal uso de un v\u00ednculo, o de la informaci\u00f3n obtenida a trav\u00e9s de ella, incluyendo otros enlaces o p\u00e1ginas web; de la interrupci\u00f3n en el servicio o en el acceso, o del intento de usar o usar mal un v\u00ednculo, tanto al conectar a la web de Agrotecnio como al acceder a la informaci\u00f3n de otras webs desde la web de Agrotecnio.<\/p>\n\n\n\n<p>Agrotecnio no asumir\u00e1 responsabilidad por los contenidos, servicios o productos de terceros a los que se pueda acceder directamente a trav\u00e9s de banners, enlaces, hiperenlaces, entramado o similares desde los webs de Agrotecnio, ya que queda prohibida su inclusi\u00f3n sin el consentimiento previo, expreso y por escrito de Agrotecnio.<\/p>\n\n\n\n<p>Agrotecnio se reserva el derecho a realizar cambios en el sitio web, siempre que no afecten a los datos personales de los usuarios, sin previo aviso, a fin de mantener actualizada su informaci\u00f3n, a\u00f1adiendo, modificando, corrigiendo o eliminando los contenidos publicados o el dise\u00f1o del portal.<\/p>\n\n\n\n<h3 class=\"wp-block-heading\">Propiedad intelectual e industrial<\/h3>\n\n\n\n<p>Los contenidos prestados por Agrotecnio, as\u00ed como los contenidos vertidos en la red a trav\u00e9s de sus p\u00e1ginas web, se convierten en una obra en el sentido de la legislaci\u00f3n sobre propiedad intelectual, por lo que se encuentran protegidos por las leyes y convenios internacionales aplicables en esta materia.<\/p>\n\n\n\n<p>Queda prohibida cualquier forma de reproducci\u00f3n, distribuci\u00f3n, comunicaci\u00f3n p\u00fablica, transformaci\u00f3n, puesta a disposici\u00f3n y, en general, cualquier otro acto de explotaci\u00f3n p\u00fablica referido tanto a las p\u00e1ginas web como a sus contenidos e informaci\u00f3n, sin el consentimiento previo expreso y por escrito de Agrotecnio.<\/p>\n\n\n\n<p>Quedan prohibidos los actos de reproducci\u00f3n, distribuci\u00f3n, exhibici\u00f3n, transmisi\u00f3n, retransmisi\u00f3n, emisi\u00f3n en cualquier forma, almacenamiento en soportes f\u00edsicos o l\u00f3gicos (por ejemplo, disquetes o discos duros de ordenador), digitalizaci\u00f3n o puesta a disposici\u00f3n desde bases de datos diferentes de las pertenecientes a las autorizadas por Agrotecnio, as\u00ed como su traducci\u00f3n, adaptaci\u00f3n, arreglo o cualquier otra transformaci\u00f3n de dichas opiniones, im\u00e1genes, formas, \u00edndices y dem\u00e1s expresiones formales que se pongan a disposici\u00f3n de los usuarios a trav\u00e9s de los servicios o contenidos, cuando los actos est\u00e9n sometidos a la legislaci\u00f3n aplicable en materia de propiedad intelectual, industrial o de protecci\u00f3n de la imagen.<\/p>\n\n\n\n<p>En consecuencia, todos los contenidos que se muestran en los diferentes webs mencionados, y especialmente dise\u00f1os, textos, gr\u00e1ficos, logotipos, iconos, botones, software, nombres comerciales, marcas, dibujos industriales o cualesquiera otros signos susceptibles de utilizaci\u00f3n industrial y comercial, est\u00e1n sujetos a derechos de propiedad intelectual e industrial de Agrotencio, o de terceros titulares de estos derechos que han autorizado debidamente su inclusi\u00f3n en los diferentes webs mediante licencias Creative Commons CC BY.4.0 y \/ o las propias de la fuente cedente , sujetos a sus condiciones de uso.<\/p>\n\n\n\n<p>Los contenidos, im\u00e1genes, formas, opiniones, \u00edndices y dem\u00e1s expresiones formales que formen parte de las p\u00e1ginas web, as\u00ed como el software necesario para el funcionamiento y visualizaci\u00f3n de las mismas, se convierten asimismo una obra en el sentido del derecho de autor y quedan, por tanto, protegidas por las convenciones internacionales y legislaciones nacionales en materia de propiedad intelectual que sean aplicables. El incumplimiento de estas condiciones implica actos graves il\u00edcitos y sujetos a sanci\u00f3n por la legislaci\u00f3n civil y penal.<\/p>\n\n\n\n<p>Queda prohibido todo acto por el cual los usuarios de los servicios o contenidos puedan explotar o hacer un uso comercial, directa o indirectamente, total o parcialmente, de cualquiera de los contenidos, im\u00e1genes, formas, \u00edndices y dem\u00e1s expresiones formales que formen parte de las p\u00e1ginas web, sin permiso previo y por escrito de Agrotecnio.<\/p>\n\n\n\n<p>Cualquier trasgresi\u00f3n de lo dispuesto en este punto o los anteriores ser\u00e1 considerada como lesi\u00f3n de los derechos leg\u00edtimos de propiedad intelectual de Agrotecnio sobre las p\u00e1ginas web y todos sus contenidos.<\/p>\n\n\n\n<h3 class=\"wp-block-heading\">Legislaci\u00f3n aplicable<\/h3>\n\n\n\n<p>La legislaci\u00f3n aplicable, tanto para el presente dominio web como para los enlaces de responsabilidad de Agrotecnio, es la espa\u00f1ola.<\/p>\n\n\n\n<h3 class=\"wp-block-heading\">Jurisdicci\u00f3n competente<\/h3>\n\n\n\n<p>Cualquier disputa o discrepancia que surja de la aplicaci\u00f3n o interpretaci\u00f3n de los t\u00e9rminos que conforman este Aviso Legal se resolver\u00e1 en los tribunales de la ciudad de Lleida (Espa\u00f1a), que tendr\u00e1n competencia exclusiva por encima de cualquier otra jurisdicci\u00f3n.<\/p>\n\n\n\n<h2 class=\"wp-block-heading\">Condiciones de uso web<\/h2>\n\n\n\n<h3 class=\"wp-block-heading\">Usuarios<\/h3>\n\n\n\n<p>El acceso -y \/ o uso- a este portal titularidad de la Fundaci\u00f3 Centre de Recerca en Agrotecnologia (Agrotecnio), desde el mismo momento en que se accede, atribuye la condici\u00f3n de usuario con la aceptaci\u00f3n de las condiciones generales de uso aqu\u00ed reflejadas. En consecuencia, los usuarios deben leer atentamente estas \u00abCondiciones de uso web y pol\u00edtica de privacidad\u00bb cada vez que accedan.<\/p>\n\n\n\n<p>Los usuarios de la web de Agrotecnio han de acceder de conformidad con la ley, y se obligan en todo momento a no acceder a la web o los contenidos de forma contraria a la prevista y con fines il\u00edcitos, lesivos de derechos y libertades de terceros, o que puedan da\u00f1ar, deteriorar, saturar o ralentizar la web, en perjuicio de Agrotecnio o de usuarios terceros.<\/p>\n\n\n\n<p>Tanto el acceso a webs como el uso que pueda hacerse de la informaci\u00f3n y contenidos que incluyan ser\u00e1n de exclusiva responsabilidad de quien los hagan. Por lo tanto, el uso que puedan hacer de la informaci\u00f3n, im\u00e1genes, contenidos y productos rese\u00f1ados y accesibles a trav\u00e9s de esta informaci\u00f3n est\u00e1 supeditado a la legalidad aplicable, nacional o internacional, as\u00ed como a los principios de buena fe y uso l\u00edcito por parte de los usuarios, los cuales ser\u00e1n completamente responsables de dicho acceso y uso correcto. Los usuarios est\u00e1n obligados a hacer un uso razonable de los servicios o contenidos, bajo el principio de buena fe y con respeto a la legalidad vigente, a la moral, al orden p\u00fablico, a las buenas costumbres y los derechos de terceros o de Agrotecnio , todo ello seg\u00fan las posibilidades y fines para los que est\u00e1n concebidos. Agrotecnio no asume responsabilidades, directos o indirectos, en concepto de da\u00f1o emergente o lucro cesante, derivadas del mal uso de los servicios o contenidos realizado por los usuarios o terceros.<\/p>\n\n\n\n<p>Agrotecnio es libre de limitar el acceso a las p\u00e1ginas web, ya los productos y servicios que se ofrecen, as\u00ed como la consiguiente publicaci\u00f3n de las opiniones, observaciones, im\u00e1genes o comentarios que los usuarios puedan hacerle llegar a trav\u00e9s del correo electr\u00f3nico o de los diferentes formularios de contacto.<\/p>\n\n\n\n<p>Agrotecnio, en este sentido, podr\u00e1 establecer, si lo considera oportuno, sin perjuicio de la \u00fanica y exclusiva responsabilidad de los usuarios, los filtros necesarios para evitar que a trav\u00e9s de sus p\u00e1ginas web puedan verterse en la red contenidos u opiniones considerados como racistas, xen\u00f3fobos, discriminatorios, pornogr\u00e1ficos, difamatorios o que, de cualquier modo, fomenten la violencia o la diseminaci\u00f3n de contenidos claramente il\u00edcitos o nocivos.<\/p>\n\n\n\n<h3 class=\"wp-block-heading\">La informaci\u00f3n sobre el resto de enlaces contenidos en el dominio web y responsabilidad sobre los contenidos<\/h3>\n\n\n\n<p>Agrotecnio no se hace responsable de las p\u00e1ginas web no propias a las que se puede acceder a trav\u00e9s del sitio web mediante enlaces o de cualquier contenido puesto a disposici\u00f3n por terceros.<\/p>\n\n\n\n<p>Cualquier uso de un v\u00ednculo o acceso a una p\u00e1gina web no propia se hace bajo la voluntad y el riesgo exclusivo de los usuarios, y Agrotecnio no recomienda ni garantiza ninguna informaci\u00f3n obtenida a trav\u00e9s de un enlace ajeno a la web de Agrotecnio ni se responsabiliza de ninguna p\u00e9rdida, reclamaci\u00f3n o perjuicio derivada del uso o mal uso de un enlace o de la informaci\u00f3n obtenida a trav\u00e9s de ella, incluyendo otros enlaces o webs, de la interrupci\u00f3n en el servicio o en el acceso, o del intento de usar o usar mal un v\u00ednculo, tanto al conectar a la web de Agrotecnio como al acceder a la informaci\u00f3n de otras webs desde la web de Agrotecnio.<\/p>\n\n\n\n<p>Agrotecnio no asumir\u00e1 responsabilidad por los contenidos, servicios, productos, etc. de terceros a los que se pueda acceder directamente o a trav\u00e9s de banners, enlaces, hiperenlaces, entramado o similares desde los webs de Agrotecnio, ya que queda prohibida su inclusi\u00f3n sin el consentimiento previo expreso y por escrito de Agrotecnio.<\/p>\n\n\n\n<p>Agrotecnio se reserva el derecho a realizar cambios en el sitio web, siempre que no afecten a los datos personales de los usuarios, sin previo aviso, a fin de mantener actualizada su informaci\u00f3n, a\u00f1adiendo, modificando, corrigiendo o eliminando los contenidos publicados o el dise\u00f1o del portal.<\/p>\n\n\n\n<h3 class=\"wp-block-heading\">Propiedad Intelectual e Industrial<\/h3>\n\n\n\n<p>Los contenidos prestados por Agrotecnio, as\u00ed como los contenidos vertidos en la red a trav\u00e9s de sus p\u00e1ginas web, se convierten en una obra en el sentido de la legislaci\u00f3n sobre propiedad intelectual, por lo que se encuentran protegidos por las leyes y convenios internacionales aplicables en esta materia.<\/p>\n\n\n\n<p>Queda prohibida cualquier forma de reproducci\u00f3n, distribuci\u00f3n, comunicaci\u00f3n p\u00fablica, transformaci\u00f3n, puesta a disposici\u00f3n y, en general, cualquier otro acto de explotaci\u00f3n p\u00fablica en relaci\u00f3n tanto con las p\u00e1ginas web como con los contenidos e informaci\u00f3n, sin el consentimiento previo expreso y por escrito de Agrotecnio.<\/p>\n\n\n\n<p>Quedan prohibidos los actos de reproducci\u00f3n, distribuci\u00f3n, exhibici\u00f3n, transmisi\u00f3n, retransmisi\u00f3n, emisi\u00f3n en cualquier forma, almacenamiento en soportes f\u00edsicos o l\u00f3gicos (por ejemplo, disquetes o discos duros de ordenador), digitalizaci\u00f3n o puesta a disposici\u00f3n desde bases de datos diferentes de las pertenecientes a las autorizadas por Agrotecnio, as\u00ed como su traducci\u00f3n, adaptaci\u00f3n, arreglo o cualquier otra transformaci\u00f3n de dichas opiniones, im\u00e1genes, formas, \u00edndices y dem\u00e1s expresiones formales que se pongan a disposici\u00f3n de los usuarios a trav\u00e9s de los servicios o contenidos, en la medida en que estos actos est\u00e9n sometidos a la legislaci\u00f3n aplicable en materia de propiedad intelectual, industrial o de protecci\u00f3n de la imagen.<\/p>\n\n\n\n<p>En consecuencia, todos los contenidos que se muestran en los diferentes sitios web mencionados y, en especial, dise\u00f1os, textos, gr\u00e1ficos, logotipos, iconos, botones, software, nombres comerciales, marcas, dibujos industriales o cualesquiera otros signos susceptibles de utilizaci\u00f3n industrial y comercial est\u00e1n sujetos a derechos de propiedad intelectual e industrial de Agrotecnio, o de terceros titulares de estos derechos que han autorizado su inclusi\u00f3n en los diferentes sitios web mediante licencias Creative Commons CC BY.4.0 y \/ o las propias la fuente cedente, sujetos a sus condiciones de uso.<\/p>\n\n\n\n<p>Los contenidos, im\u00e1genes, formas, opiniones, \u00edndices y dem\u00e1s expresiones formales que formen parte de las p\u00e1ginas web, as\u00ed como el software necesario para el funcionamiento y visualizaci\u00f3n de las mismas, se convierten asimismo una obra en el sentido del derecho de autor y quedan, por tanto, protegidas por las convenciones internacionales y legislaciones nacionales en materia de propiedad intelectual que sean aplicables. El incumplimiento de estas condiciones conlleva la comisi\u00f3n de graves actos il\u00edcitos y la sanci\u00f3n de acuerdo con la legislaci\u00f3n civil y penal.<\/p>\n\n\n\n<p>Queda prohibido todo acto por el cual los usuarios puedan explotar o servirse comercialmente, directa o indirectamente, total o parcialmente, de cualquiera de los contenidos, im\u00e1genes, formas, \u00edndices y dem\u00e1s expresiones formales que formen parte de las p\u00e1ginas web, sin permiso previo y por escrito de Agrotecnio<\/p>\n\n\n\n<p>Cualquier trasgresi\u00f3n de lo previsto en este punto o los anteriores ser\u00e1 considerada como lesi\u00f3n de los leg\u00edtimos derechos de propiedad intelectual de Agrotecnio sobre las p\u00e1ginas web y todos sus contenidos.<\/p>\n\n\n\n<h3 class=\"wp-block-heading\">Modificaciones<\/h3>\n\n\n\n<p>Agrotecnio, creadora del sitio web, se reserva el derecho de efectuar sin previo aviso, y siempre que no afecten a los datos personales de los usuarios, las modificaciones que considere oportunas en su portal, pudiendo cambiar, suprimir o a\u00f1adir tanto los contenidos y servicios que se presten como la forma en la que \u00e9stos aparezcan presentados o localizados.<\/p>\n\n\n\n<h3 class=\"wp-block-heading\">Aspectos t\u00e9cnicos<\/h3>\n\n\n\n<p>Agrotecnio declina cualquier responsabilidad en caso de que existan interrupciones o un mal funcionamiento de los servicios o contenidos ofrecidos en Internet, independientemente de cu\u00e1l sea la causa. Asimismo, Agrotecnio no se hace responsable por ca\u00eddas de la red, p\u00e9rdidas de informaci\u00f3n como consecuencia de dichas ca\u00eddas, suspensiones temporales del fluido el\u00e9ctrico o cualquier otro tipo de da\u00f1o indirecto que pueda ser causado a los usuarios por causas ajenas a Agrotecnio.<\/p>\n\n\n\n<p>Agrotecnio no declara ni garantiza que los servicios o contenidos sean ininterrumpidos o que est\u00e9n libres de errores, que los defectos sean corregidos o que el servicio o el servidor que los pone a disposici\u00f3n est\u00e9n libres de virus u otros componentes nocivos, sin perjuicio de que Agrotecnio esfuerce por evitar este tipo de incidentes. En caso de que los usuarios tuvieran que tomar determinadas decisiones o realizar acciones seg\u00fan la informaci\u00f3n incluida en cualquiera de los sitios web, se recomienda la comprobaci\u00f3n de la informaci\u00f3n recibida con otras fuentes.<\/p>\n\n\n\n<p>Queda prohibido cualquier de los recursos t\u00e9cnicos, l\u00f3gicos o tecnol\u00f3gicos a trav\u00e9s de los cuales un tercero pueda beneficiarse, directa o indirectamente, con o sin lucro, de todos y cada uno de los contenidos, formas, \u00edndices y dem\u00e1s expresiones formales que formen parte de las p\u00e1ginas web, o del esfuerzo llevado a cabo por Agrotecnio para su funcionamiento.<\/p>\n\n\n\n<p>En todo caso, Agrotecnio tiene implementadas medidas de seguridad adecuadas para el mantenimiento de la web, as\u00ed como de sus servidores, de cara a garantizar un acceso seguro y libre de programas maliciosos (malware).<\/p>\n\n\n\n<h3 class=\"wp-block-heading\">Informaci\u00f3n sobre el uso de las redes sociales<\/h3>\n\n\n\n<p>Agrotecnio s\u00f3lo se hace responsable de los contenidos y de la gesti\u00f3n de las p\u00e1ginas web de que sea titular, o sobre las que tenga un derecho de naturaleza an\u00e1loga. Cualquier otra p\u00e1gina web o red social o repositorio de informaci\u00f3n en Internet, fuera del presente web, es responsabilidad de sus titulares y, por tanto, una vez se acceda, los usuarios estar\u00e1n sometidos a las pol\u00edticas que cada servicio tenga establecidas.<\/p>\n\n\n\n<p>Agrotecnio utiliza de forma ordinaria diferentes aplicaciones, redes sociales y otros entornos virtuales, y siempre recomienda a todos los usuarios que antes de acceder a estos entornos web lean atentamente los correspondientes avisos legales y pol\u00edticas de privacidad, y que s\u00f3lo accedan una vez hayan comprendido y aceptado en su totalidad estos textos legales.<\/p>\n\n\n\n<p>Agrotecnio se compromete a controlar los contenidos que se expongan en estos entornos virtuales sociales.<br>Para el uso de redes sociales o navegaci\u00f3n en entornos web, Agrotecnio recomienda, siguiendo instrucciones de las autoridades en materia de protecci\u00f3n de datos, la ejecuci\u00f3n de las acciones siguientes:<\/p>\n\n\n\n<ul class=\"wp-block-list\">\n<li>Se recomienda a todos los usuarios recurrir al uso de pseud\u00f3nimos o nicks personales para operar a trav\u00e9s de Internet, de manera que les permita disponer de una aut\u00e9ntica \u00abidentidad digital\u00bb que no ponga en duda la seguridad de su vida personal y profesional.<\/li>\n\n\n\n<li>Se recomienda a los usuarios tener especial cuidado a la hora de publicar contenidos audiovisuales y gr\u00e1ficos en sus perfiles, dado que en este caso pueden estar poniendo en riesgo la privacidad e intimidad de personas de su entorno.<\/li>\n\n\n\n<li>Se recomienda revisar y leer, tanto en el momento previo al registro de usuario como posteriormente, las condiciones generales de uso y la pol\u00edtica de privacidad que la plataforma pone a disposici\u00f3n en sus sitios web.<\/li>\n\n\n\n<li>Se recomienda configurar adecuadamente el grado de privacidad del perfil de usuario en la red social, de tal manera que \u00e9ste no sea completamente p\u00fablico, sino que \u00fanicamente tengan acceso a la informaci\u00f3n publicada en el perfil aquellas personas que hayan sido catalogadas previamente por el usuario como \u00abamigos\u00bb o \u00abcontactos directos\u00bb.<\/li>\n\n\n\n<li>Se recomienda aceptar como contactos \u00fanicamente aquellas personas conocidas o con quien se mantiene alguna relaci\u00f3n previa, no aceptar de forma compulsiva todas las solicitudes de contacto que se reciben e investigar, en su caso, la identidad de la persona que suele solicita el contacto.<\/li>\n\n\n\n<li>Se recomienda no publicar en el perfil de usuario informaci\u00f3n de contacto f\u00edsico, que permita a cualquier persona conocer el lugar donde se vive, donde se trabaja o estudia diariamente o los lugares de ocio que se frecuentan.<\/li>\n\n\n\n<li>A los usuarios de herramientas de microblogs se recomienda tener especial cuidado respecto a la publicaci\u00f3n de informaci\u00f3n relativa a los lugares en que se encuentran en todo momento.<\/li>\n\n\n\n<li>Se recomienda utilizar y publicar \u00fanicamente contenidos en relaci\u00f3n con los que se cuente con los imprescindibles derechos de propiedad intelectual. En caso contrario, los usuarios estar\u00e1n cometiendo un il\u00edcito civil protegido por los tribunales.<\/li>\n\n\n\n<li>Se recomienda a los usuarios utilizar diferentes nombres de usuario y contrase\u00f1as para entrar en las diferentes redes sociales de que sean miembros.<\/li>\n\n\n\n<li>Se recomienda utilizar contrase\u00f1as con una longitud m\u00ednima de 8 caracteres, alfanum\u00e9ricos y con uso de may\u00fasculas y min\u00fasculas.<\/li>\n\n\n\n<li>Se recomienda a todos los usuarios que tengan en sus equipos software antivirus instalado y debidamente actualizado.<\/li>\n\n\n\n<li>Los menores no deben revelar datos personales excesivos. Nunca se deben suministrar los datos a desconocidos.<\/li>\n\n\n\n<li>Se debe leer toda la informaci\u00f3n en cuanto a la p\u00e1gina web. En esta informaci\u00f3n se explica qui\u00e9nes son los titulares y la finalidad para la que se solicitan los datos.<\/li>\n\n\n\n<li>Si los usuarios son menores de catorce a\u00f1os, hay tambi\u00e9n el consentimiento de los padres o tutores. En especial, siempre que se soliciten datos por parte de una red social se requerir\u00e1 a los padres o tutores su decisi\u00f3n sobre la suscripci\u00f3n.<\/li>\n\n\n\n<li>No se deben comunicar a terceros el nombre de usuario y contrase\u00f1a, ni compartir estos datos entre amigos o compa\u00f1eros de clase. Estos datos son privados y no se comunicar\u00e1n a terceros y \/ o desconocidos.<\/li>\n<\/ul>\n","protected":false},"excerpt":{"rendered":"<p>Titularidad del dominio web y finalidad La empresa titular del dominio web https:\/\/www.agrotecnio.org es la Fundaci\u00f3 Centre de Recerca en Agrotecnologia (en adelante, Agrotecnio), con NIF G-25628926 y domicilio social en la Avenida Alcalde Rovira Roure 191, 25198 Lleida (Espa\u00f1a), la que lleva a cabo el servicio p\u00fablico de investigaci\u00f3n agroalimentaria.La finalidad del dominio web [&hellip;]<\/p>\n","protected":false},"author":1,"featured_media":0,"parent":0,"menu_order":0,"comment_status":"closed","ping_status":"closed","template":"","meta":{"_acf_changed":false,"editor_notices":[],"footnotes":""},"class_list":["post-851","page","type-page","status-publish","hentry"],"acf":[],"_links":{"self":[{"href":"https:\/\/agrotecnio.org\/es\/wp-json\/wp\/v2\/pages\/851","targetHints":{"allow":["GET"]}}],"collection":[{"href":"https:\/\/agrotecnio.org\/es\/wp-json\/wp\/v2\/pages"}],"about":[{"href":"https:\/\/agrotecnio.org\/es\/wp-json\/wp\/v2\/types\/page"}],"author":[{"embeddable":true,"href":"https:\/\/agrotecnio.org\/es\/wp-json\/wp\/v2\/users\/1"}],"replies":[{"embeddable":true,"href":"https:\/\/agrotecnio.org\/es\/wp-json\/wp\/v2\/comments?post=851"}],"version-history":[{"count":7,"href":"https:\/\/agrotecnio.org\/es\/wp-json\/wp\/v2\/pages\/851\/revisions"}],"predecessor-version":[{"id":5215,"href":"https:\/\/agrotecnio.org\/es\/wp-json\/wp\/v2\/pages\/851\/revisions\/5215"}],"wp:attachment":[{"href":"https:\/\/agrotecnio.org\/es\/wp-json\/wp\/v2\/media?parent=851"}],"curies":[{"name":"wp","href":"https:\/\/api.w.org\/{rel}","templated":true}]}}